{"id":48,"date":"2021-11-11T06:11:47","date_gmt":"2021-11-11T06:11:47","guid":{"rendered":"http:\/\/www.aitomet.fi\/?page_id=48"},"modified":"2021-11-11T09:22:46","modified_gmt":"2021-11-11T09:22:46","slug":"__trashed-6","status":"publish","type":"page","link":"http:\/\/www.aitomet.fi\/","title":{"rendered":"Aitomet"},"content":{"rendered":"\n<h2 class=\"alignwide has-text-align-center has-text-align-wide has-gigantic-font-size\" style=\"line-height:1.1\">Tervetuloa!<\/h2>\n\n\n\n<p class=\"has-text-align-center\" style=\"line-height:1\">Aitometin kotisivut ovat parhaillaan ty\u00f6n alla.<\/p>\n\n\n\n<p class=\"has-text-align-center\" style=\"line-height:0\">Uudet sivut aukeavat my\u00f6hemmin.<\/p>\n\n\n\n<p class=\"has-text-align-center\" style=\"line-height:2\">Aitomet on vuonna 2021 perustettu yritys, joka keskittyy erityisesti hitsaus-, asennus- ja metallinty\u00f6st\u00f6t\u00f6ihin.<\/p>\n\n\n\n<p class=\"has-text-align-center\" style=\"line-height:12\"><strong>Yhteystiedot<\/strong><\/p>\n\n\n\n<p class=\"has-text-align-center\" style=\"line-height:2\"><strong>Aitomet<\/strong><\/p>\n\n\n\n<p class=\"has-text-align-center\" style=\"line-height:0.5\">Jukka Aitoniemi<\/p>\n\n\n\n<p class=\"has-text-align-center\" style=\"line-height:0.5\">jukka.aitoniemi@aitomet.fi<\/p>\n\n\n\n<p class=\"has-text-align-center\" style=\"line-height:0.5\">+358 (0)50 501 2443<\/p>\n\n\n\n<p class=\"has-text-align-center\" style=\"line-height:4\">Y-tunnus 3241043-4<\/p>\n","protected":false},"excerpt":{"rendered":"<p>Tervetuloa! Aitometin kotisivut ovat parhaillaan ty\u00f6n alla. Uudet sivut aukeavat my\u00f6hemmin. Aitomet on vuonna 2021 perustettu yritys, joka keskittyy erityisesti hitsaus-, asennus- ja metallinty\u00f6st\u00f6t\u00f6ihin. Yhteystiedot Aitomet Jukka Aitoniemi jukka.aitoniemi@aitomet.fi +358 (0)50 501 2443 Y-tunnus 3241043-4<\/p>\n","protected":false},"author":1,"featured_media":0,"parent":0,"menu_order":0,"comment_status":"closed","ping_status":"closed","template":"","meta":[],"_links":{"self":[{"href":"http:\/\/www.aitomet.fi\/index.php\/wp-json\/wp\/v2\/pages\/48"}],"collection":[{"href":"http:\/\/www.aitomet.fi\/index.php\/wp-json\/wp\/v2\/pages"}],"about":[{"href":"http:\/\/www.aitomet.fi\/index.php\/wp-json\/wp\/v2\/types\/page"}],"author":[{"embeddable":true,"href":"http:\/\/www.aitomet.fi\/index.php\/wp-json\/wp\/v2\/users\/1"}],"replies":[{"embeddable":true,"href":"http:\/\/www.aitomet.fi\/index.php\/wp-json\/wp\/v2\/comments?post=48"}],"version-history":[{"count":11,"href":"http:\/\/www.aitomet.fi\/index.php\/wp-json\/wp\/v2\/pages\/48\/revisions"}],"predecessor-version":[{"id":106,"href":"http:\/\/www.aitomet.fi\/index.php\/wp-json\/wp\/v2\/pages\/48\/revisions\/106"}],"wp:attachment":[{"href":"http:\/\/www.aitomet.fi\/index.php\/wp-json\/wp\/v2\/media?parent=48"}],"curies":[{"name":"wp","href":"https:\/\/api.w.org\/{rel}","templated":true}]}}